{"id":108,"date":"2018-08-04T17:53:14","date_gmt":"2018-08-04T08:53:14","guid":{"rendered":"https:\/\/severac-japon.org\/?page_id=108"},"modified":"2018-08-13T19:55:13","modified_gmt":"2018-08-13T10:55:13","slug":"%e3%82%bb%e3%83%b4%e3%83%a9%e3%83%83%e3%82%af%e3%81%ab%e3%81%a4%e3%81%84%e3%81%a6","status":"publish","type":"page","link":"https:\/\/severac-japon.org\/?page_id=108","title":{"rendered":"\u30bb\u30f4\u30e9\u30c3\u30af\u306b\u3064\u3044\u3066"},"content":{"rendered":"<p>\u30de\u30ea\uff1d\u30b8\u30e7\u30bc\u30d5\uff1d\u30a2\u30ec\u30af\u30b5\u30f3\u30c9\u30eb\u30fb\u30c7\u30aa\u30c0\u30fb\u30c9\u30fb\u30bb\u30f4\u30e9\u30c3\u30af\uff08Marie-Joseph-Alexandre D\u00e9odat de S\u00e9verac, 1872\u5e747\u670820\u65e5 \u30aa\u30fc\u30c8\uff1d\u30ac\u30ed\u30f3\u30cc\u770c\u30b5\u30f3\uff1d\u30d5\u30a7\u30ea\u30c3\u30af\u30b9\uff1d\u30c9\uff1d\u30ab\u30e9\u30de\u30f3 \u2013 1921\u5e743\u670824\u65e5 \u30d4\u30ec\u30cd\u30fc\uff1d\u30aa\u30ea\u30a2\u30f3\u30bf\u30eb\u770c\u30bb\u30ec\uff09\u306f\u30d5\u30e9\u30f3\u30b9\u306e\u4f5c\u66f2\u5bb6\u3067\u3001\u90f7\u91cc\u30e9\u30f3\u30b0\u30c9\u30c3\u30af\u306e\u4f1d\u7d71\u97f3\u697d\u306b\u6df1\u304f\u6839\u4ed8\u3044\u305f\u4f5c\u54c1\u3092\u5275\u4f5c\u3057\u3001\u30af\u30ed\u30fc\u30c9\u30fb\u30c9\u30d3\u30e5\u30c3\u30b7\u30fc\u304b\u3089\u300c\u826f\u3044\u9999\u308a\u306e\u3059\u308b\u97f3\u697d\u300d\u300c\u571f\u306e\u85ab\u308a\u306e\u3059\u308b\u7d20\u6575\u306a\u97f3\u697d\u300d\u3068\u597d\u610f\u7684\u306b\u8a55\u3055\u308c\u307e\u3057\u305f\u3002<\/p>\n<p><img decoding=\"async\" loading=\"lazy\" class=\"aligncenter size-full wp-image-25\" src=\"https:\/\/severac-japon.org\/wp-content\/uploads\/2018\/07\/Severac_Castelnaudary.jpg\" alt=\"\" width=\"180\" height=\"256\" \/><\/p>\n<p>\u3010\u751f\u6daf\u3068\u4f5c\u98a8\u3011<br \/>\n\u30bb\u30f4\u30e9\u30c3\u30af\u306f\u30b9\u30da\u30a4\u30f3\u8cb4\u65cf\u306b\u9023\u306a\u308b\u65e7\u5bb6\u306b\u751f\u307e\u308c\u307e\u3057\u305f\u3002\u5730\u5143\u306e\u30c8\u30a5\u30fc\u30eb\u30fc\u30ba\u3092\u53bb\u3063\u3066\u30d1\u30ea\u306b\u884c\u304d\u3001\u30d1\u30ea\u97f3\u697d\u9662\u306b\u5bfe\u6297\u3057\u3066\u8a2d\u7acb\u3055\u308c\u305f\u30b9\u30b3\u30e9\u30fb\u30ab\u30f3\u30c8\u30eb\u30e0\u306b\u5165\u5b66\u3057\u3066\u3001\u30f4\u30a1\u30f3\u30b5\u30f3\u30fb\u30c0\u30f3\u30c7\u30a3\u3068\u30a2\u30eb\u30d9\u30ea\u30af\u30fb\u30de\u30cb\u30e3\u30fc\u30eb\u306b\u4f5c\u66f2\u3092\u3001\u30a2\u30ec\u30af\u30b5\u30f3\u30c9\u30eb\u30fb\u30ae\u30eb\u30de\u30f3\u306b\u30aa\u30eb\u30ac\u30f3\u3092\u5e2b\u4e8b\u3057\u307e\u3057\u305f\u3002\u305d\u3057\u3066\u30a4\u30b5\u30fc\u30af\u30fb\u30a2\u30eb\u30d9\u30cb\u30b9\u306e\u52a9\u624b\u3092\u52d9\u3081\u308b\u3068\u3068\u3082\u306b\u305d\u306e\u500b\u4eba\u6307\u5c0e\u3092\u53d7\u3051\u307e\u3057\u305f\u3002\u305d\u306e\u969b\u3001\u30a2\u30eb\u30d9\u30cb\u30b9\u306e\u672a\u5b8c\u306e\u7d76\u7b46\u300a\u30ca\u30d0\u30fc\u30e9 <em>Navarra<\/em>\u300b\u3092\u88dc\u7b46\u3057\u3066\u3044\u307e\u3059\u3002\u30a2\u30eb\u30d9\u30cb\u30b9\u306e\u6b7b\u5f8c\u3001\u5357\u4ecf\u306b\u623b\u308a\u307e\u3057\u305f\u3002<\/p>\n<div class=\"thumb tright\">\n<div class=\"thumbinner\">\n<p>\u6b4c\u66f2\u3084\u5408\u5531\u66f2\u306e\u4f5c\u54c1\u3067\u77e5\u3089\u308c\u3066\u3044\u307e\u3059\u304c\u3001\u30dd\u30fc\u30eb\u30fb\u30f4\u30a7\u30eb\u30ec\u30fc\u30cc\u3084\u30b7\u30e3\u30eb\u30eb\u30fb\u30dc\u30fc\u30c9\u30ec\u30fc\u30eb\u306b\u3088\u308b\u30d5\u30e9\u30f3\u30b9\u8a9e\u306e\u8a69\u306e\u307b\u304b\u306b\u3001\u30d7\u30ed\u30f4\u30a1\u30f3\u30b9\u8a9e\u3084\u30ab\u30bf\u30eb\u30fc\u30cb\u30e3\u8a9e\u306e\u8a69\u306b\u3082\u66f2\u4ed8\u3051\u3092\u3057\u307e\u3057\u305f\u3002\u3088\u308a\u500b\u6027\u7684\u306a\u30d4\u30a2\u30ce\u72ec\u594f\u66f2\u3082\u9ad8\u3044\u8a55\u4fa1\u3092\u52dd\u3061\u5f97\u3066\u304a\u308a\u3001\u66f2\u3084\u66f2\u96c6\u306f\u3001\u300a\u30e9\u30f3\u30b0\u30c9\u30c3\u30af\u5730\u65b9\u306b\u3066 <i>En Languedoc<\/i> \u300b\u3084\u300a\u65e5\u5411\u3067\u6c34\u6d74\u3073\u3092\u3059\u308b\u5973\u305f\u3061 <i>Baigneuses au soleil<\/i> \u300b\u3068\u3044\u3046\u3088\u3046\u306b\u3001\u60c5\u666f\u559a\u8d77\u7684\u306a\u984c\u540d\u304c\u6dfb\u3048\u3089\u308c\u3066\u3044\u307e\u3059\u3002\u4eba\u6c17\u306e\u3042\u308b\u4f5c\u54c1\u306e\u4f8b\u306f\u300a\u53e4\u3044\u30aa\u30eb\u30b4\u30fc\u30eb\u304c\u805e\u3053\u3048\u308b\u3068\u304d\u00a0<em>Ou l&#8217;on entend une vieille boite \u00e0\u00a0musique\u00a0<\/em>\u300b\u3067\u3059\u304c\u3001\u5091\u4f5c\u306f\u3001\u30e9\u30f3\u30b0\u30c9\u30c3\u30af\u306e\u90f7\u91cc\u8272\u3086\u305f\u304b\u306a\u7d44\u66f2\u300a\u30bb\u30eb\u30c0\u30fc\u30cb\u30e3 <em>Cerda\u00f1a<\/em>\u300b\uff081904\u5e74\uff5e1911\u5e74\uff09\u3067\u3059\u3002\u6b4c\u5287\u300a\u98a8\u8eca\u306e\u5fc3 <i>Le C\u0153ur du moulin<\/i> \u300b\u306f1909\u5e7412\u67088\u65e5\u306b\u30d1\u30ea\u306e\u30aa\u30da\u30e9\uff1d\u30b3\u30df\u30c3\u30af\u5ea7\u3067\u3001\u300a\u30d8\u30ea\u30aa\u30ac\u30d0\u30eb\u00a0<i>H\u00e9liogabale<\/i> \u300b\u306f1910\u5e74\u306b\u30d9\u30b8\u30a8\u3067\u521d\u6f14\u3055\u308c\u3066\u3044\u307e\u3059\u3002<\/p>\n<p><img decoding=\"async\" loading=\"lazy\" class=\"aligncenter size-full wp-image-109\" src=\"https:\/\/severac-japon.org\/wp-content\/uploads\/2018\/08\/Saint-F\u00e9lix-Lauragais_-_Buste_de_Deodat_de_S\u00e9verac_par_Joseph_Lamasson_inugur\u00e9_le_14_septembre_1924.jpg\" alt=\"\" width=\"250\" height=\"300\" \/><\/p>\n<\/div>\n<\/div>\n<div><\/div>\n","protected":false},"excerpt":{"rendered":"<p>\u30de\u30ea\uff1d\u30b8\u30e7\u30bc\u30d5\uff1d\u30a2\u30ec\u30af\u30b5\u30f3\u30c9\u30eb\u30fb\u30c7\u30aa\u30c0\u30fb\u30c9\u30fb\u30bb\u30f4\u30e9\u30c3\u30af\uff08Marie-Joseph-Alexandre D\u00e9odat de S\u00e9verac, 1872\u5e747\u670820\u65e5 \u30aa\u30fc\u30c8\uff1d\u30ac\u30ed\u30f3\u30cc\u770c\u30b5\u30f3\uff1d\u30d5\u30a7\u30ea\u30c3\u30af\u30b9\uff1d\u30c9\uff1d\u30ab\u30e9\u30de\u30f3 \u2013 1&hellip; <\/p>\n","protected":false},"author":1,"featured_media":0,"parent":0,"menu_order":0,"comment_status":"closed","ping_status":"closed","template":"","meta":{"footnotes":""},"aioseo_notices":[],"_links":{"self":[{"href":"https:\/\/severac-japon.org\/index.php?rest_route=\/wp\/v2\/pages\/108"}],"collection":[{"href":"https:\/\/severac-japon.org\/index.php?rest_route=\/wp\/v2\/pages"}],"about":[{"href":"https:\/\/severac-japon.org\/index.php?rest_route=\/wp\/v2\/types\/page"}],"author":[{"embeddable":true,"href":"https:\/\/severac-japon.org\/index.php?rest_route=\/wp\/v2\/users\/1"}],"replies":[{"embeddable":true,"href":"https:\/\/severac-japon.org\/index.php?rest_route=%2Fwp%2Fv2%2Fcomments&post=108"}],"version-history":[{"count":0,"href":"https:\/\/severac-japon.org\/index.php?rest_route=\/wp\/v2\/pages\/108\/revisions"}],"wp:attachment":[{"href":"https:\/\/severac-japon.org\/index.php?rest_route=%2Fwp%2Fv2%2Fmedia&parent=108"}],"curies":[{"name":"wp","href":"https:\/\/api.w.org\/{rel}","templated":true}]}}